{"id":6,"date":"2022-06-19T16:36:02","date_gmt":"2022-06-19T16:36:02","guid":{"rendered":"https:\/\/www.sorste.ro\/neetsse\/?page_id=6"},"modified":"2022-06-20T08:57:06","modified_gmt":"2022-06-20T08:57:06","slug":"about","status":"publish","type":"page","link":"https:\/\/www.sorste.ro\/neetsse\/about\/","title":{"rendered":"Cursuri oferite"},"content":{"rendered":"\n<p class=\"has-text-align-center\"><strong>PROGRAM NOU pentru tineri cu domiciliul sau resedinta in regiunea Sud-EST<\/strong><\/p>\n\n\n\n<p class=\"has-text-align-center\"><strong>Judetele: VRANCEA, BUZAU, BRAILA, GALATI, TULCEA, CONSTANTA<\/strong><\/p>\n\n\n\n<p>Esti Tanar cu varsta intre 16-29 ani?<\/p>\n\n\n\n<p>NU ai firma, NU este angajat, NU mergi la scoala\/alte cursuri? TE AJUTAM NOI!<\/p>\n\n\n\n<p>CURSURI GRATUITE &amp; SUBVENTII<br>SUBVENTII PLANURI DE AFACERI<\/p>\n\n\n\n<p>Aceasta activitate este adresata tinerilor NEETs din grupul tinta al proiectului cu nivelul devocupabilitate A \u201cusor ocupabil\u201d<\/p>\n\n\n\n<p>*100 cursanti participare la curs de formare profesionala, curs de initiere COMPETENTE ANTREPRENORIALE 40 ore &amp; subventie 200 lei\/ participant la terminarea cursului;<br>*concurs cu planuri de afaceri, 100% finantare, aprox 25000Eur\/ plan afacere pentru 15 planuri de afaceri, 1 loc de munca creat ;<br>*implementare plan de afacere cu sprijinul consultantilor timp de 1 an, \u00a0asigurare sustenabilitate \u00a06 luni si functionarea societatii 3 ani;<\/p>\n\n\n\n<p><strong>Alte cursuri organizate in proiect:<\/strong><\/p>\n\n\n\n<p>Aceasta activitate este adresata tinerilor NEETs din grupul tinta al proiectului cu nivelurile de ocupabilitate B, C si D, respectiv \u201dmediu ocupabil\u201d, \u201dgreu ocupabil\u201d si \u201dfoarte greu ocupabil .<\/p>\n\n\n\n<p><strong>CURSURI DE INITIERE, PERFECTIONARE, SPECIALIZARE<\/strong><\/p>\n\n\n\n<p>**Cursuri de initiere &#8211; Competente digitale (60 ore) &amp; subventie 300 lei\/ participant;<br>**Cursuri de perfectionare &#8211; Inspector in dom securitatii si sanatatii in munca (80 ore) &amp; subventie 400 lei\/ participant;<br>**Cursuri de specializare &#8211; Expert egalitate de sanse (180 ore) &amp; subventie 900 lei\/participant;<\/p>\n\n\n\n<p><strong>CURSURI DE CALIFICARE<\/strong><\/p>\n\n\n\n<p>**Cursuri de calificare nivel 2 \u2013 Agent Securitate (360 ore) &amp; subventie 1800 lei\/ participant;<br>**Cursuri de calificare nivel 3 \u2013 Lucrator social (720 ore) &amp; subventie 3600 lei\/ participant;<\/p>\n\n\n\n<p><br>Tinerii NEETs someri \u00eenregistrati la SPO, respectiv AJOFM beneficiaza de servicii de informare si consiliere profesionala, care includ profilarea acestora, \u00een urma careia tinerii NEETs sunt \u00eencadrati in una din urmatoarele categorii, din punct de vedere al ocupabilitatii:<br><em>\u2022 Nivelul A &#8211; \u201eusor ocupabil\u201d<br>\u2022 Nivelul B &#8211; \u201emediu ocupabil\u201d<br>\u2022 Nivelul C &#8211; \u201egreu ocupabil\u201d<br>\u2022 Nivelul D &#8211; \u201efoarte greu ocupabil\u201d<\/em><br>\u00cen functie de \u00eencadrarea \u00een nivelul de ocupabilitate, tinerii NEETs se vor putea inscrie la cursurile organizate in cadrul proiectului.<\/p>\n\n\n\n<p><strong>CONDITII STUDII pentru CURSANTI:<\/strong><br>*cursuri de calificare &amp; initiere: minim 8 clase;<br>*curs de perfectionare: minim 12 clase, cu sau fara diploma de bacalaureat;<br>*curs de specializare: absolvent facultate &amp; diploma de licenta<\/p>\n\n\n\n<p>*Vor beneficia de servicii specializate de medierea muncii toti tinerii NEETs pentru toate nivelurile de ocupabilitate.<\/p>\n\n\n\n<p><br>*Pentru mai multe informa\u021bii ne po\u021bi scrie la adresa <strong>proiect@sorste.ro<\/strong>, iar noi te vom contacta \u00een cel mai scurt timp.<\/p>\n\n\n\n<p>CONTACT<\/p>\n\n\n\n<p>SC SORSTE SA<br>Calea Moldovei 59, Focsani Vrancea<br>RO6704250<br>Email: proiect@sorste.ro<\/p>\n","protected":false},"excerpt":{"rendered":"<p>PROGRAM NOU pentru tineri cu domiciliul sau resedinta in regiunea Sud-EST Judetele: VRANCEA, BUZAU, BRAILA, GALATI, TULCEA, CONSTANTA Esti Tanar cu varsta intre 16-29 ani? NU ai firma, NU este angajat, NU mergi la scoala\/alte cursuri? TE AJUTAM NOI! CURSURI GRATUITE &amp; SUBVENTIISUBVENTII PLANURI DE AFACERI Aceasta activitate este adresata tinerilor NEETs din grupul tinta&hellip; <a class=\"more-link\" href=\"https:\/\/www.sorste.ro\/neetsse\/about\/\">Continue reading <span class=\"screen-reader-text\">Cursuri oferite<\/span><\/a><\/p>\n","protected":false},"author":1,"featured_media":0,"parent":0,"menu_order":0,"comment_status":"closed","ping_status":"closed","template":"","meta":{"footnotes":""},"class_list":["post-6","page","type-page","status-publish","hentry","entry"],"_links":{"self":[{"href":"https:\/\/www.sorste.ro\/neetsse\/wp-json\/wp\/v2\/pages\/6","targetHints":{"allow":["GET"]}}],"collection":[{"href":"https:\/\/www.sorste.ro\/neetsse\/wp-json\/wp\/v2\/pages"}],"about":[{"href":"https:\/\/www.sorste.ro\/neetsse\/wp-json\/wp\/v2\/types\/page"}],"author":[{"embeddable":true,"href":"https:\/\/www.sorste.ro\/neetsse\/wp-json\/wp\/v2\/users\/1"}],"replies":[{"embeddable":true,"href":"https:\/\/www.sorste.ro\/neetsse\/wp-json\/wp\/v2\/comments?post=6"}],"version-history":[{"count":4,"href":"https:\/\/www.sorste.ro\/neetsse\/wp-json\/wp\/v2\/pages\/6\/revisions"}],"predecessor-version":[{"id":46,"href":"https:\/\/www.sorste.ro\/neetsse\/wp-json\/wp\/v2\/pages\/6\/revisions\/46"}],"wp:attachment":[{"href":"https:\/\/www.sorste.ro\/neetsse\/wp-json\/wp\/v2\/media?parent=6"}],"curies":[{"name":"wp","href":"https:\/\/api.w.org\/{rel}","templated":true}]}}