{"id":27,"date":"2023-05-31T08:17:00","date_gmt":"2023-05-31T08:17:00","guid":{"rendered":"https:\/\/www.sorste.ro\/neetssv\/?page_id=27"},"modified":"2023-09-28T08:18:32","modified_gmt":"2023-09-28T08:18:32","slug":"proiecte","status":"publish","type":"page","link":"https:\/\/www.sorste.ro\/neetssv\/proiecte\/","title":{"rendered":"Cursuri Oferite"},"content":{"rendered":"\n<p><strong><br><\/strong><\/p>\n\n\n\n<p><strong>A4.1 Organizarea de campanii de informare, constientizare si promovare \u00een r\u00e2ndul tinerilor<\/strong><\/p>\n\n\n\n<p><strong>PROGRAM NOU pentru tineri cu domiciliul sau resedinta in regiunea Sud-VEST OLTENIA<\/strong><\/p>\n\n\n\n<p><strong>Judetele: Dolj, Gorg, Mehedinti, Olt, Valcea<\/strong><\/p>\n\n\n\n<p><strong>Esti Tanar cu varsta intre 16-29 ani?<\/strong><\/p>\n\n\n\n<p><strong>NU ai firma, NU este angajat, NU mergi la scoala\/alte cursuri? TE AJUTAM NOI!<\/strong><\/p>\n\n\n\n<p><strong>CURSURI GRATUITE &amp; SUBVENTII<\/strong><\/p>\n\n\n\n<p><strong>SUBVENTII PLANURI DE AFACERI<\/strong><\/p>\n\n\n\n<p>Aceasta activitate este adresata tinerilor NEETs din grupul tinta al proiectului cu nivelul de ocupabilitate A \u201cusor ocupabil\u201d<\/p>\n\n\n\n<p>*100 cursanti participare la curs de formare profesionala, curs de initiere <strong>COMPETENTE ANTREPRENORIALE<\/strong> 40 ore&nbsp; &amp; subventie 200 lei\/ participant la terminarea cursului;<\/p>\n\n\n\n<p>*concurs cu planuri de afaceri, 100% finantare, aprox 25000Eur\/ plan afacere pentru 15 planuri de afaceri, 1 loc de munca creat ;<\/p>\n\n\n\n<p>*implementare plan de afacere cu sprijinul consultantilor timp de 1 an, &nbsp;asigurare sustenabilitate &nbsp;6 luni si functionarea societatii 3 ani;<\/p>\n\n\n\n<p><strong>Alte cursuri organizate in proiect:<\/strong><\/p>\n\n\n\n<p>Aceasta activitate este adresata tinerilor NEETs din grupul tinta al proiectului cu nivelurile de ocupabilitate B, C si D, respectiv \u201dmediu ocupabil\u201d, \u201dgreu ocupabil\u201d si \u201dfoarte greu ocupabil .<\/p>\n\n\n\n<p><strong>CURSURI DE INITIERE, PERFECTIONARE, SPECIALIZARE<\/strong><\/p>\n\n\n\n<p><strong>**Cursuri de initiere<\/strong> &#8211; <strong>Competente digitale (60 ore)<\/strong> &amp; <strong>subventie 300 lei\/ participant;<\/strong><\/p>\n\n\n\n<p><strong>**Cursuri de perfectionare<\/strong> &#8211; <strong>Inspector in dom securitatii si sanatatii in munca (80 ore)<\/strong> &amp; <strong>subventie 400 lei\/ participant<\/strong><\/p>\n\n\n\n<p>                      <strong>  &#8211; Contabil (40 ore) &amp; subvenite 200 lei\/participant;<\/strong><\/p>\n\n\n\n<p><strong>CURSURI DE CALIFICARE<\/strong><\/p>\n\n\n\n<p><strong>**Cursuri de calificare nivel 2<\/strong> \u2013 <strong>Agent Securitate (360 ore)<\/strong> &amp; <strong>subventie 1800 lei\/ participant;<\/strong><\/p>\n\n\n\n<p><strong>**Cursuri de calificare nivel 3<\/strong> \u2013 <strong>Lucrator social (720 ore)<\/strong> &amp; <strong>subventie 3600 lei\/ participant;<\/strong><\/p>\n\n\n\n<p>Tinerii NEETs someri \u00eenregistrati la SPO, respectiv AJOFM beneficiaza de servicii de informare si consiliere profesionala, care includ profilarea acestora,&nbsp; \u00een urma careia tinerii NEETs sunt \u00eencadrati in una din urmatoarele categorii, din punct de vedere al ocupabilitatii:<\/p>\n\n\n\n<p>\u2022 Nivelul A &#8211; \u201eusor ocupabil\u201d<\/p>\n\n\n\n<p>\u2022 Nivelul B &#8211; \u201emediu ocupabil\u201d<\/p>\n\n\n\n<p>\u2022 Nivelul C &#8211; \u201egreu ocupabil\u201d<\/p>\n\n\n\n<p>\u2022 Nivelul D &#8211; \u201efoarte greu ocupabil\u201d<\/p>\n\n\n\n<p>\u00cen functie de \u00eencadrarea \u00een nivelul de ocupabilitate, tinerii NEETs se vor putea inscrie la cursurile organizate in cadrul proiectului.<\/p>\n\n\n\n<p><strong>CONDITII STUDII pentru CURSANTI:<\/strong><\/p>\n\n\n\n<p>*cursuri de calificare &amp; initiere: minim 8 clase;<\/p>\n\n\n\n<p>*curs de perfectionare: minim 12 clase, cu sau fara diploma de bac;<\/p>\n\n\n\n<p><strong>*Vor beneficia de servicii specializate de medierea muncii toti tinerii NEETs pentru toate nivelurile de ocupabilitate.<\/strong><\/p>\n\n\n\n<p><strong>*Pentru mai multe informa\u021bii ne po\u021bi scrie la adresa <\/strong><a href=\"mailto:proiect@sorste.ro\"><strong>proiect@sorste.ro<\/strong><\/a><strong>, iar noi te vom contacta \u00een cel mai scurt timp.<\/strong><\/p>\n\n\n\n<p><strong>Multumim, Te asteptam!<\/strong><\/p>\n\n\n\n<p><a href=\"\/neetssv\/2022\/7. FISA CAMPANII SI ACTIUNI DE INFORMARE SI CONSTIENTIZARE 154422 .docx\">Fisa Campanii si actiuni de informare si constientizare<\/a><\/p>\n","protected":false},"excerpt":{"rendered":"<p>A4.1 Organizarea de campanii de informare, constientizare si promovare \u00een r\u00e2ndul tinerilor PROGRAM NOU pentru tineri cu domiciliul sau resedinta in regiunea Sud-VEST OLTENIA Judetele: Dolj, Gorg, Mehedinti, Olt, Valcea Esti Tanar cu varsta intre 16-29 ani? NU ai firma, NU este angajat, NU mergi la scoala\/alte cursuri? TE AJUTAM NOI! CURSURI GRATUITE &amp; SUBVENTII&hellip; <a class=\"more-link\" href=\"https:\/\/www.sorste.ro\/neetssv\/proiecte\/\">Continue reading <span class=\"screen-reader-text\">Cursuri Oferite<\/span><\/a><\/p>\n","protected":false},"author":1,"featured_media":0,"parent":0,"menu_order":0,"comment_status":"closed","ping_status":"closed","template":"","meta":{"footnotes":""},"class_list":["post-27","page","type-page","status-publish","hentry","entry"],"_links":{"self":[{"href":"https:\/\/www.sorste.ro\/neetssv\/wp-json\/wp\/v2\/pages\/27","targetHints":{"allow":["GET"]}}],"collection":[{"href":"https:\/\/www.sorste.ro\/neetssv\/wp-json\/wp\/v2\/pages"}],"about":[{"href":"https:\/\/www.sorste.ro\/neetssv\/wp-json\/wp\/v2\/types\/page"}],"author":[{"embeddable":true,"href":"https:\/\/www.sorste.ro\/neetssv\/wp-json\/wp\/v2\/users\/1"}],"replies":[{"embeddable":true,"href":"https:\/\/www.sorste.ro\/neetssv\/wp-json\/wp\/v2\/comments?post=27"}],"version-history":[{"count":8,"href":"https:\/\/www.sorste.ro\/neetssv\/wp-json\/wp\/v2\/pages\/27\/revisions"}],"predecessor-version":[{"id":139,"href":"https:\/\/www.sorste.ro\/neetssv\/wp-json\/wp\/v2\/pages\/27\/revisions\/139"}],"wp:attachment":[{"href":"https:\/\/www.sorste.ro\/neetssv\/wp-json\/wp\/v2\/media?parent=27"}],"curies":[{"name":"wp","href":"https:\/\/api.w.org\/{rel}","templated":true}]}}