{"id":6,"date":"2022-06-19T08:14:11","date_gmt":"2022-06-19T08:14:11","guid":{"rendered":"https:\/\/www.sorste.ro\/neetssv\/?page_id=6"},"modified":"2022-06-19T15:45:10","modified_gmt":"2022-06-19T15:45:10","slug":"create-your-website-with-blocks","status":"publish","type":"page","link":"https:\/\/www.sorste.ro\/neetssv\/","title":{"rendered":"NEETSSV"},"content":{"rendered":"\n<p><strong>POCU\/991\/1\/3\/Opera\u021biune compozit\u0103 OS. 1.1, 1.2\/3\/<\/strong><\/p>\n\n\n\n<p><strong>Opera\u021biune compozit\u0103 OS. 1.1, 1.2<\/strong><\/p>\n\n\n\n<figure class=\"wp-block-image size-large\"><img decoding=\"async\" src=\"http:\/\/zi-deschisa.ro\/copii\/wp-content\/uploads\/2021\/02\/roll-1024x226.png\" alt=\"\" class=\"wp-image-109\"\/><\/figure>\n\n\n\n<p class=\"has-text-align-center\"><strong>NEETS SV &#8211; Nivel Educativ Elevat pentru Tinerii Someri din Regiunea Sud Vest<br>Cod proiect 154422<br>Lider \u2013 SC SORSTE SA<br>Partener \u2013 Fundatia Zi Deschisa<\/strong><\/p>\n\n\n\n<p><\/p>\n\n\n\n<div style=\"height:100px\" aria-hidden=\"true\" class=\"wp-block-spacer\"><\/div>\n\n\n\n<div class=\"wp-block-columns alignwide are-vertically-aligned-center is-style-twentytwentyone-columns-overlap is-layout-flex wp-container-core-columns-is-layout-9d6595d7 wp-block-columns-is-layout-flex\">\n<div class=\"wp-block-column is-vertically-aligned-center is-layout-flow wp-block-column-is-layout-flow\">\n<figure class=\"wp-block-image size-full\"><img loading=\"lazy\" decoding=\"async\" width=\"900\" height=\"729\" src=\"https:\/\/www.sorste.ro\/neetssv\/wp-content\/uploads\/2022\/06\/image-1.png\" alt=\"\" class=\"wp-image-63\"\/><\/figure>\n\n\n\n<div style=\"height:100px\" aria-hidden=\"true\" class=\"wp-block-spacer\"><\/div>\n<\/div>\n\n\n\n<div class=\"wp-block-column is-vertically-aligned-center is-layout-flow wp-block-column-is-layout-flow\">\n<div style=\"height:100px\" aria-hidden=\"true\" class=\"wp-block-spacer\"><\/div>\n<\/div>\n<\/div>\n\n\n\n<div style=\"height:50px\" aria-hidden=\"true\" class=\"wp-block-spacer\"><\/div>\n\n\n\n<div class=\"wp-block-columns alignwide are-vertically-aligned-top is-layout-flex wp-container-core-columns-is-layout-9d6595d7 wp-block-columns-is-layout-flex\">\n<div class=\"wp-block-column is-vertically-aligned-top is-layout-flow wp-block-column-is-layout-flow\">\n<h3 class=\"wp-block-heading\">Despre Proiect<\/h3>\n\n\n\n<p class=\"has-text-align-left\"><strong>Titlul proiectului: NEETS SV &#8211; Nivel Educativ Elevat pentru Tinerii Someri din Regiunea Sud Vest<\/strong><\/p>\n\n\n\n<p>Proiectul, prin masurile propuse raspunde viziunii STRATEGIEI NATIONALE DE OCUPARE A FORTEI DE<br>MUNCA (SNOFM) 2014-2020, privind cresterea capacitatii Romaniei de a crea locuri de munca noi, de calitate si de a crea un avantaj competitiv pentru economia nationala printr-o resursa umana bine<br>pregatita, cu un nivel inalt de calificare si competente.<\/p>\n<\/div>\n\n\n\n<div class=\"wp-block-column is-vertically-aligned-top is-layout-flow wp-block-column-is-layout-flow\">\n<h3 class=\"wp-block-heading\">Obiectiv Proiect<\/h3>\n\n\n\n<p>Obiectivul general al proiectului vizeaza promovarea unei ocup\u0103ri sustenabile \u015fi de calitate a for\u0163ei de munc\u0103 si sprijinirea mobilitatii fortei de munca in regiunea Sud-Muntenia, in vederea integrarii durabile pe pia\u0163a muncii a tinerilor (ILMT), \u00een special a celor care nu au un loc de munc\u0103, educa\u0163ie sau formare,<br>inclusiv a tinerilor cu risc de excluziune social\u0103 \u015fi a tinerilor din comunit\u0103\u0163ile marginalizate cu scopul imbunatatirii si validarii nivelului de competente si cre\u015fterii ocup\u0103rii tinerilor NEETs \u015fomeri cu v\u00e2rsta<br>\u00eentre 16 &#8211; 29 ani, \u00eenregistra\u0163i la Serviciul Public de Ocupare, cu reziden\u0163a \u00een regiunea eligibila SV, prin participarea la interventii integrate.<\/p>\n\n\n\n<p>.<\/p>\n<\/div>\n\n\n\n<div class=\"wp-block-column is-vertically-aligned-top is-layout-flow wp-block-column-is-layout-flow\">\n<h3 class=\"wp-block-heading\">Misiune<\/h3>\n\n\n\n<p>Pe termen mediu \u015fi lung, proiectul asigur\u0103 persoanelor care au parcurs etapele de mediere si formare profesionala din proiect, o ocupare mai facila pe pia\u0163a muncii. <\/p>\n\n\n\n<p>Proiectul va genera un efect pozitiv pe termen lung \u00eencep\u00e2nd cu cre\u015fterea \u00eencrederii \u00een for\u0163ele proprii a grupului \u0163int\u0103 \u015fi orientarea acestuia catre ocuparea unui loc de munc\u0103, fie prin angajarea acestora, fie prin crearea proprii afaceri .<\/p>\n<\/div>\n<\/div>\n\n\n\n<div style=\"height:100px\" aria-hidden=\"true\" class=\"wp-block-spacer\"><\/div>\n","protected":false},"excerpt":{"rendered":"<p>POCU\/991\/1\/3\/Opera\u021biune compozit\u0103 OS. 1.1, 1.2\/3\/ Opera\u021biune compozit\u0103 OS. 1.1, 1.2 NEETS SV &#8211; Nivel Educativ Elevat pentru Tinerii Someri din Regiunea Sud VestCod proiect 154422Lider \u2013 SC SORSTE SAPartener \u2013 Fundatia Zi Deschisa Despre Proiect Titlul proiectului: NEETS SV &#8211; Nivel Educativ Elevat pentru Tinerii Someri din Regiunea Sud Vest Proiectul, prin masurile propuse raspunde&hellip; <a class=\"more-link\" href=\"https:\/\/www.sorste.ro\/neetssv\/\">Continue reading <span class=\"screen-reader-text\">NEETSSV<\/span><\/a><\/p>\n","protected":false},"author":1,"featured_media":0,"parent":0,"menu_order":0,"comment_status":"closed","ping_status":"closed","template":"","meta":{"footnotes":""},"class_list":["post-6","page","type-page","status-publish","hentry","entry"],"_links":{"self":[{"href":"https:\/\/www.sorste.ro\/neetssv\/wp-json\/wp\/v2\/pages\/6","targetHints":{"allow":["GET"]}}],"collection":[{"href":"https:\/\/www.sorste.ro\/neetssv\/wp-json\/wp\/v2\/pages"}],"about":[{"href":"https:\/\/www.sorste.ro\/neetssv\/wp-json\/wp\/v2\/types\/page"}],"author":[{"embeddable":true,"href":"https:\/\/www.sorste.ro\/neetssv\/wp-json\/wp\/v2\/users\/1"}],"replies":[{"embeddable":true,"href":"https:\/\/www.sorste.ro\/neetssv\/wp-json\/wp\/v2\/comments?post=6"}],"version-history":[{"count":14,"href":"https:\/\/www.sorste.ro\/neetssv\/wp-json\/wp\/v2\/pages\/6\/revisions"}],"predecessor-version":[{"id":68,"href":"https:\/\/www.sorste.ro\/neetssv\/wp-json\/wp\/v2\/pages\/6\/revisions\/68"}],"wp:attachment":[{"href":"https:\/\/www.sorste.ro\/neetssv\/wp-json\/wp\/v2\/media?parent=6"}],"curies":[{"name":"wp","href":"https:\/\/api.w.org\/{rel}","templated":true}]}}